{"id":4142,"date":"2026-04-13T13:51:59","date_gmt":"2026-04-13T18:51:59","guid":{"rendered":"https:\/\/relojeskairos.com\/?post_type=product&#038;p=4142"},"modified":"2026-04-14T15:47:05","modified_gmt":"2026-04-14T20:47:05","slug":"reloj-kairos-ha1012m-111","status":"publish","type":"product","link":"https:\/\/relojeskairos.com\/es\/product\/reloj-kairos-ha1012m-111\/","title":{"rendered":"RELOJ KAIROS HA1012M-111"},"content":{"rendered":"<div class=\"imco-modern-specs-container\">\r\n        <div class=\"imco-modern-specs-header\">\r\n            <div class=\"imco-modern-specs-icon\">\r\n                <!-- NUEVO ICONO DE RELOJ AQU\u00cd -->\r\n                <svg viewbox=\"0 0 24 24\" fill=\"none\" stroke=\"currentColor\" stroke-width=\"2\" stroke-linecap=\"round\"\r\n                    stroke-linejoin=\"round\">\r\n                    <circle cx=\"12\" cy=\"12\" r=\"7\"><\/circle>\r\n                    <polyline points=\"12 9 12 12 13.5 13.5\"><\/polyline>\r\n                    <path\r\n                        d=\"M16.51 17.35l-.35 3.83a2 2 0 0 1-2 1.82H9.83a2 2 0 0 1-2-1.82l-.35-3.83m.01-10.7l.35-3.83A2 2 0 0 1 9.83 1h4.35a2 2 0 0 1 2 1.82l.35 3.83\">\r\n                    <\/path>\r\n                <\/svg>\r\n            <\/div>\r\n            <h3 class=\"imco-modern-specs-title\">Detalles T\u00e9cnicos<\/h3>\r\n        <\/div>\r\n\r\n        <div class=\"imco-modern-specs-grid\">\r\n                            <div class=\"imco-spec-item imco-spec-full\">\r\n                    <div class=\"imco-spec-label-wrap\">\r\n                                                <span class=\"imco-spec-label\">Producto<\/span>\r\n                    <\/div>\r\n                    <div class=\"imco-spec-value\">RELOJ KAIROS HA1012M-111<\/div>\r\n                <\/div>\r\n                            <div class=\"imco-spec-item imco-spec-full\">\r\n                    <div class=\"imco-spec-label-wrap\">\r\n                                                <span class=\"imco-spec-label\">Precio<\/span>\r\n                    <\/div>\r\n                    <div class=\"imco-spec-value\">&#036;&nbsp;285.000<\/div>\r\n                <\/div>\r\n                            <div class=\"imco-spec-item imco-spec-full\">\r\n                    <div class=\"imco-spec-label-wrap\">\r\n                                                <span class=\"imco-spec-label\">Genero<\/span>\r\n                    <\/div>\r\n                    <div class=\"imco-spec-value\">Hombre<\/div>\r\n                <\/div>\r\n                            <div class=\"imco-spec-item\">\r\n                    <div class=\"imco-spec-label-wrap\">\r\n                                                    <span class=\"imco-spec-icon\">\r\n                                <svg viewbox=\"0 0 24 24\" fill=\"none\" stroke=\"currentColor\" stroke-width=\"2\" stroke-linecap=\"round\" stroke-linejoin=\"round\"><path d=\"M10 13a5 5 0 0 0 7.54.54l3-3a5 5 0 0 0-7.07-7.07l-1.72 1.71\"><\/path><path d=\"M14 11a5 5 0 0 0-7.54-.54l-3 3a5 5 0 0 0 7.07 7.07l1.71-1.71\"><\/path><\/svg>                            <\/span>\r\n                                                <span class=\"imco-spec-label\">Tipo de Pulso<\/span>\r\n                    <\/div>\r\n                    <div class=\"imco-spec-value\">Pl\u00e1stico<\/div>\r\n                <\/div>\r\n                            <div class=\"imco-spec-item\">\r\n                    <div class=\"imco-spec-label-wrap\">\r\n                                                    <span class=\"imco-spec-icon\">\r\n                                <svg viewbox=\"0 0 24 24\" fill=\"none\" stroke=\"currentColor\" stroke-width=\"2\" stroke-linecap=\"round\" stroke-linejoin=\"round\"><circle cx=\"12\" cy=\"12\" r=\"10\"><\/circle><line x1=\"12\" y1=\"16\" x2=\"12\" y2=\"12\"><\/line><line x1=\"12\" y1=\"8\" x2=\"12.01\" y2=\"8\"><\/line><\/svg>                            <\/span>\r\n                                                <span class=\"imco-spec-label\">Tipo de Caja<\/span>\r\n                    <\/div>\r\n                    <div class=\"imco-spec-value\">Acero<\/div>\r\n                <\/div>\r\n                            <div class=\"imco-spec-item\">\r\n                    <div class=\"imco-spec-label-wrap\">\r\n                                                    <span class=\"imco-spec-icon\">\r\n                                <svg viewbox=\"0 0 24 24\" fill=\"none\" stroke=\"currentColor\" stroke-width=\"2\" stroke-linecap=\"round\" stroke-linejoin=\"round\"><circle cx=\"12\" cy=\"12\" r=\"3\"><\/circle><path d=\"M19.4 15a1.65 1.65 0 0 0 .33 1.82l.06.06a2 2 0 0 1 0 2.83 2 2 0 0 1-2.83 0l-.06-.06a1.65 1.65 0 0 0-1.82-.33 1.65 1.65 0 0 0-1 1.51V21a2 2 0 0 1-2 2 2 2 0 0 1-2-2v-.09A1.65 1.65 0 0 0 9 19.4a1.65 1.65 0 0 0-1.82.33l-.06.06a2 2 0 0 1-2.83 0 2 2 0 0 1 0-2.83l.06-.06a1.65 1.65 0 0 0 .33-1.82 1.65 1.65 0 0 0-1.51-1H3a2 2 0 0 1-2-2 2 2 0 0 1 2-2h.09A1.65 1.65 0 0 0 4.6 9a1.65 1.65 0 0 0-.33-1.82l-.06-.06a2 2 0 0 1 0-2.83 2 2 0 0 1 2.83 0l.06.06a1.65 1.65 0 0 0 1.82.33H9a1.65 1.65 0 0 0 1-1.51V3a2 2 0 0 1 2-2 2 2 0 0 1 2 2v.09a1.65 1.65 0 0 0 1 1.51 1.65 1.65 0 0 0 1.82-.33l.06-.06a2 2 0 0 1 2.83 0 2 2 0 0 1 0 2.83l-.06.06a1.65 1.65 0 0 0-.33 1.82V9a1.65 1.65 0 0 0 1.51 1H21a2 2 0 0 1 2 2 2 2 0 0 1-2 2h-.09a1.65 1.65 0 0 0-1.51 1z\"><\/path><\/svg>                            <\/span>\r\n                                                <span class=\"imco-spec-label\">Funci\u00f3n (Movimiento)<\/span>\r\n                    <\/div>\r\n                    <div class=\"imco-spec-value\">An\u00e1logo \u2013 Digital<\/div>\r\n                <\/div>\r\n                            <div class=\"imco-spec-item\">\r\n                    <div class=\"imco-spec-label-wrap\">\r\n                                                    <span class=\"imco-spec-icon\">\r\n                                <svg viewbox=\"0 0 24 24\" fill=\"none\" stroke=\"currentColor\" stroke-width=\"2\" stroke-linecap=\"round\" stroke-linejoin=\"round\"><circle cx=\"13.5\" cy=\"6.5\" r=\".5\"><\/circle><circle cx=\"17.5\" cy=\"10.5\" r=\".5\"><\/circle><circle cx=\"8.5\" cy=\"7.5\" r=\".5\"><\/circle><circle cx=\"6.5\" cy=\"12.5\" r=\".5\"><\/circle><path d=\"M12 2C6.5 2 2 6.5 2 12s4.5 10 10 10c.926 0 1.648-.746 1.648-1.688 0-.437-.18-.835-.437-1.125-.29-.289-.438-.652-.438-1.125a1.64 1.64 0 0 1 1.668-1.668h1.996c3.051 0 5.555-2.503 5.555-5.554C21.965 6.012 17.461 2 12 2z\"><\/path><\/svg>                            <\/span>\r\n                                                <span class=\"imco-spec-label\">Color del tablero<\/span>\r\n                    <\/div>\r\n                    <div class=\"imco-spec-value\">Negro<\/div>\r\n                <\/div>\r\n                            <div class=\"imco-spec-item\">\r\n                    <div class=\"imco-spec-label-wrap\">\r\n                                                    <span class=\"imco-spec-icon\">\r\n                                <svg viewbox=\"0 0 24 24\" fill=\"none\" stroke=\"currentColor\" stroke-width=\"2\" stroke-linecap=\"round\" stroke-linejoin=\"round\"><path d=\"M10 13a5 5 0 0 0 7.54.54l3-3a5 5 0 0 0-7.07-7.07l-1.72 1.71\"><\/path><path d=\"M14 11a5 5 0 0 0-7.54-.54l-3 3a5 5 0 0 0 7.07 7.07l1.71-1.71\"><\/path><\/svg>                            <\/span>\r\n                                                <span class=\"imco-spec-label\">Color del pulso:<\/span>\r\n                    <\/div>\r\n                    <div class=\"imco-spec-value\">Blanco<\/div>\r\n                <\/div>\r\n                            <div class=\"imco-spec-item\">\r\n                    <div class=\"imco-spec-label-wrap\">\r\n                                                    <span class=\"imco-spec-icon\">\r\n                                <svg viewbox=\"0 0 24 24\" fill=\"none\" stroke=\"currentColor\" stroke-width=\"2\" stroke-linecap=\"round\" stroke-linejoin=\"round\"><circle cx=\"13.5\" cy=\"6.5\" r=\".5\"><\/circle><circle cx=\"17.5\" cy=\"10.5\" r=\".5\"><\/circle><circle cx=\"8.5\" cy=\"7.5\" r=\".5\"><\/circle><circle cx=\"6.5\" cy=\"12.5\" r=\".5\"><\/circle><path d=\"M12 2C6.5 2 2 6.5 2 12s4.5 10 10 10c.926 0 1.648-.746 1.648-1.688 0-.437-.18-.835-.437-1.125-.29-.289-.438-.652-.438-1.125a1.64 1.64 0 0 1 1.668-1.668h1.996c3.051 0 5.555-2.503 5.555-5.554C21.965 6.012 17.461 2 12 2z\"><\/path><\/svg>                            <\/span>\r\n                                                <span class=\"imco-spec-label\">Color de la caja:<\/span>\r\n                    <\/div>\r\n                    <div class=\"imco-spec-value\">Negro<\/div>\r\n                <\/div>\r\n                            <div class=\"imco-spec-item\">\r\n                    <div class=\"imco-spec-label-wrap\">\r\n                                                    <span class=\"imco-spec-icon\">\r\n                                <svg viewbox=\"0 0 24 24\" fill=\"none\" stroke=\"currentColor\" stroke-width=\"2\" stroke-linecap=\"round\" stroke-linejoin=\"round\"><path d=\"M8 3H5a2 2 0 0 0-2 2v3m18 0V5a2 2 0 0 0-2-2h-3m0 18h3a2 2 0 0 0 2-2v-3M3 16v3a2 2 0 0 0 2 2h3\"><\/path><\/svg>                            <\/span>\r\n                                                <span class=\"imco-spec-label\">Tipo de cristal:<\/span>\r\n                    <\/div>\r\n                    <div class=\"imco-spec-value\">Mineral<\/div>\r\n                <\/div>\r\n                            <div class=\"imco-spec-item\">\r\n                    <div class=\"imco-spec-label-wrap\">\r\n                                                    <span class=\"imco-spec-icon\">\r\n                                <svg viewbox=\"0 0 24 24\" fill=\"none\" stroke=\"currentColor\" stroke-width=\"2\" stroke-linecap=\"round\" stroke-linejoin=\"round\"><path d=\"M12 22a7 7 0 0 0 7-7c0-2-1-3.9-3-5.5s-3.5-4-4-6.5c-.5 2.5-2 4.9-4 6.5C6 11.1 5 13 5 15a7 7 0 0 0 7 7z\"><\/path><\/svg>                            <\/span>\r\n                                                <span class=\"imco-spec-label\">Resistencia al agua:<\/span>\r\n                    <\/div>\r\n                    <div class=\"imco-spec-value\">3 ATM<\/div>\r\n                <\/div>\r\n                            <div class=\"imco-spec-item\">\r\n                    <div class=\"imco-spec-label-wrap\">\r\n                                                    <span class=\"imco-spec-icon\">\r\n                                <svg viewbox=\"0 0 24 24\" fill=\"none\" stroke=\"currentColor\" stroke-width=\"2\" stroke-linecap=\"round\" stroke-linejoin=\"round\"><circle cx=\"12\" cy=\"12\" r=\"10\"><\/circle><line x1=\"12\" y1=\"16\" x2=\"12\" y2=\"12\"><\/line><line x1=\"12\" y1=\"8\" x2=\"12.01\" y2=\"8\"><\/line><\/svg>                            <\/span>\r\n                                                <span class=\"imco-spec-label\">Di\u00e1metro de caja:<\/span>\r\n                    <\/div>\r\n                    <div class=\"imco-spec-value\">42 mm<\/div>\r\n                <\/div>\r\n                            <div class=\"imco-spec-item\">\r\n                    <div class=\"imco-spec-label-wrap\">\r\n                                                    <span class=\"imco-spec-icon\">\r\n                                <svg viewbox=\"0 0 24 24\" fill=\"none\" stroke=\"currentColor\" stroke-width=\"2\" stroke-linecap=\"round\" stroke-linejoin=\"round\"><path d=\"M10 13a5 5 0 0 0 7.54.54l3-3a5 5 0 0 0-7.07-7.07l-1.72 1.71\"><\/path><path d=\"M14 11a5 5 0 0 0-7.54-.54l-3 3a5 5 0 0 0 7.07 7.07l1.71-1.71\"><\/path><\/svg>                            <\/span>\r\n                                                <span class=\"imco-spec-label\">Ancho del pulso:<\/span>\r\n                    <\/div>\r\n                    <div class=\"imco-spec-value\">20 mm<\/div>\r\n                <\/div>\r\n                            <div class=\"imco-spec-item\">\r\n                    <div class=\"imco-spec-label-wrap\">\r\n                                                    <span class=\"imco-spec-icon\">\r\n                                <svg viewbox=\"0 0 24 24\" fill=\"none\" stroke=\"currentColor\" stroke-width=\"2\" stroke-linecap=\"round\" stroke-linejoin=\"round\"><path d=\"M12 22s8-4 8-10V5l-8-3-8 3v7c0 6 8 10 8 10z\"><\/path><\/svg>                            <\/span>\r\n                                                <span class=\"imco-spec-label\">Garantia:<\/span>\r\n                    <\/div>\r\n                    <div class=\"imco-spec-value\">6 meses (Maquinaria y pila)<\/div>\r\n                <\/div>\r\n                    <\/div>\r\n    <\/div>","protected":false},"excerpt":{"rendered":"<p>El reloj presenta una caja oscura de acero un dial negro con tres subesferas funcionales. El elemento m\u00e1s distintivo es su correa de silicona blanca, que genera un fuerte contraste deportivo, caja Robusta, de color negro o gris oscuro con acabado mate, fondo negro con tres subesferas (t\u00edpicas de un cron\u00f3grafo) y detalles en blanco para una alta legibilidad,  este tipo de reloj incluye funciones de cron\u00f3metro y resistencia al agua, ideales para un uso casual y din\u00e1mico.<\/p>","protected":false},"featured_media":4143,"template":"","meta":{"site-sidebar-layout":"default","site-content-layout":"","ast-site-content-layout":"default","site-content-style":"default","site-sidebar-style":"default","ast-global-header-display":"","ast-banner-title-visibility":"","ast-main-header-display":"","ast-hfb-above-header-display":"","ast-hfb-below-header-display":"","ast-hfb-mobile-header-display":"","site-post-title":"","ast-breadcrumbs-content":"","ast-featured-img":"","footer-sml-layout":"","ast-disable-related-posts":"","theme-transparent-header-meta":"default","adv-header-id-meta":"","stick-header-meta":"","header-above-stick-meta":"","header-main-stick-meta":"","header-below-stick-meta":"","astra-migrate-meta-layouts":"set","ast-page-background-enabled":"default","ast-page-background-meta":{"desktop":{"background-color":"var(--ast-global-color-5)","background-image":"","background-repeat":"repeat","background-position":"center center","background-size":"auto","background-attachment":"scroll","background-type":"","background-media":"","overlay-type":"","overlay-color":"","overlay-opacity":"","overlay-gradient":""},"tablet":{"background-color":"","background-image":"","background-repeat":"repeat","background-position":"center center","background-size":"auto","background-attachment":"scroll","background-type":"","background-media":"","overlay-type":"","overlay-color":"","overlay-opacity":"","overlay-gradient":""},"mobile":{"background-color":"","background-image":"","background-repeat":"repeat","background-position":"center center","background-size":"auto","background-attachment":"scroll","background-type":"","background-media":"","overlay-type":"","overlay-color":"","overlay-opacity":"","overlay-gradient":""}},"ast-content-background-meta":{"desktop":{"background-color":"var(--ast-global-color-4)","background-image":"","background-repeat":"repeat","background-position":"center center","background-size":"auto","background-attachment":"scroll","background-type":"","background-media":"","overlay-type":"","overlay-color":"","overlay-opacity":"","overlay-gradient":""},"tablet":{"background-color":"var(--ast-global-color-4)","background-image":"","background-repeat":"repeat","background-position":"center center","background-size":"auto","background-attachment":"scroll","background-type":"","background-media":"","overlay-type":"","overlay-color":"","overlay-opacity":"","overlay-gradient":""},"mobile":{"background-color":"var(--ast-global-color-4)","background-image":"","background-repeat":"repeat","background-position":"center center","background-size":"auto","background-attachment":"scroll","background-type":"","background-media":"","overlay-type":"","overlay-color":"","overlay-opacity":"","overlay-gradient":""}},"_joinchat":[]},"product_brand":[],"product_cat":[26,19],"product_tag":[],"class_list":{"0":"post-4142","1":"product","2":"type-product","3":"status-publish","4":"has-post-thumbnail","6":"product_cat-reloj-original-kairos-pro","7":"product_cat-relojeria-original","8":"desktop-align-left","9":"tablet-align-left","10":"mobile-align-left","12":"first","13":"instock","14":"shipping-taxable","15":"purchasable","16":"product-type-simple"},"_links":{"self":[{"href":"https:\/\/relojeskairos.com\/es\/wp-json\/wp\/v2\/product\/4142","targetHints":{"allow":["GET"]}}],"collection":[{"href":"https:\/\/relojeskairos.com\/es\/wp-json\/wp\/v2\/product"}],"about":[{"href":"https:\/\/relojeskairos.com\/es\/wp-json\/wp\/v2\/types\/product"}],"wp:featuredmedia":[{"embeddable":true,"href":"https:\/\/relojeskairos.com\/es\/wp-json\/wp\/v2\/media\/4143"}],"wp:attachment":[{"href":"https:\/\/relojeskairos.com\/es\/wp-json\/wp\/v2\/media?parent=4142"}],"wp:term":[{"taxonomy":"product_brand","embeddable":true,"href":"https:\/\/relojeskairos.com\/es\/wp-json\/wp\/v2\/product_brand?post=4142"},{"taxonomy":"product_cat","embeddable":true,"href":"https:\/\/relojeskairos.com\/es\/wp-json\/wp\/v2\/product_cat?post=4142"},{"taxonomy":"product_tag","embeddable":true,"href":"https:\/\/relojeskairos.com\/es\/wp-json\/wp\/v2\/product_tag?post=4142"}],"curies":[{"name":"wp","href":"https:\/\/api.w.org\/{rel}","templated":true}]}}